{"id":45,"date":"2018-10-10T16:27:47","date_gmt":"2018-10-10T14:27:47","guid":{"rendered":"https:\/\/thalerriesen.at\/?page_id=45"},"modified":"2020-03-16T09:14:42","modified_gmt":"2020-03-16T08:14:42","slug":"ueber-uns","status":"publish","type":"page","link":"https:\/\/www.soljoy.at\/?page_id=45","title":{"rendered":"\u00fcber uns"},"content":{"rendered":"<div  data-label=\"Content\" data-id=\"content--1\" data-export-id=\"content-7\" data-category=\"content\" class=\"content-7 content-section content-section-spacing content-relative\" id=\"content-1\" style=\"background-color: rgb(255, 255, 255); background-image: none;\"><div  class=\"gridContainer\"> <div  class=\"row middle-sm\"><div  class=\"col-sm-6 space-bottom-xs\" data-type=\"column\"> <h2  class=\"\" style=\"border-bottom-color: rgb(0, 124, 48);\">Warum wir das tun!<\/h2> <p  class=\"\">Unsere Arbeit als Vermessungstechniker leistet einen wichtigen Beitrag zum Zusammenleben der Menschen. <\/p> <p  class=\"lead\">\u201eMit der Erfassung und Verwaltung von Geodaten schaffen wir Klarheit, \u00dcbersicht und Rechtssicherheit. Das dient dem Einzelnen und der Gemeinschaft.. \u201e<\/p><p  class=\"\">Wir verstehen uns als Partner f\u00fcr Gemeinden, Verb\u00e4nde und Privatpersonen. Wir \u00fcberzeugen durch Kompetenz, Zuverl\u00e4ssigkeit und Flexibilit\u00e4t. Unser Aufgabenfeld reicht von der Erstellung digitaler Leitungskataster \u00fcber die klassische Vermessung bis hin zur Entwicklung unseres GeodatenManagementSystems EU-GEN.<\/p><p  class=\"\"><\/p><a data-cp-link=\"1\" href=\"https:\/\/www.ingenieurbueros.at\/steiermark\/de\"  class=\"\" target=\"_blank\"><img decoding=\"async\"  class=\"custom-image\" src=\"https:\/\/bastel.soljoy.at\/wp-content\/uploads\/2020\/03\/TB_claim.jpg\" alt=\"\" title=\"TB_claim\"><\/a><\/div> <div  class=\"col-sm-6\" data-type=\"column\"> <img decoding=\"async\"  class=\"shadow-large\" src=\"https:\/\/datenzuhause.at\/wp-content\/uploads\/2019\/11\/cropped-team.jpg\" alt=\"\" title=\"cropped-team.jpg\"><\/div> <\/div><\/div> <\/div>","protected":false},"excerpt":{"rendered":"<p>Warum wir das tun! Unsere Arbeit als Vermessungstechniker leistet einen wichtigen Beitrag zum Zusammenleben der Menschen. \u201eMit der Erfassung und Verwaltung von Geodaten schaffen wir Klarheit, \u00dcbersicht und Rechtssicherheit. Das dient dem Einzelnen und der Gemeinschaft.. \u201eWir verstehen uns als Partner f\u00fcr Gemeinden, Verb\u00e4nde und Privatpersonen. Wir \u00fcberzeugen durch Kompetenz, Zuverl\u00e4ssigkeit und Flexibilit\u00e4t. Unser Aufgabenfeld&hellip; <br \/> <a class=\"read-more\" href=\"https:\/\/www.soljoy.at\/?page_id=45\">Read more<\/a><\/p>\n","protected":false},"author":1,"featured_media":1083,"parent":0,"menu_order":0,"comment_status":"closed","ping_status":"closed","template":"pro\/page-templates\/full-width-page.php","meta":{"footnotes":""},"class_list":["post-45","page","type-page","status-publish","has-post-thumbnail","hentry"],"_links":{"self":[{"href":"https:\/\/www.soljoy.at\/index.php?rest_route=\/wp\/v2\/pages\/45","targetHints":{"allow":["GET"]}}],"collection":[{"href":"https:\/\/www.soljoy.at\/index.php?rest_route=\/wp\/v2\/pages"}],"about":[{"href":"https:\/\/www.soljoy.at\/index.php?rest_route=\/wp\/v2\/types\/page"}],"author":[{"embeddable":true,"href":"https:\/\/www.soljoy.at\/index.php?rest_route=\/wp\/v2\/users\/1"}],"replies":[{"embeddable":true,"href":"https:\/\/www.soljoy.at\/index.php?rest_route=%2Fwp%2Fv2%2Fcomments&post=45"}],"version-history":[{"count":25,"href":"https:\/\/www.soljoy.at\/index.php?rest_route=\/wp\/v2\/pages\/45\/revisions"}],"predecessor-version":[{"id":1320,"href":"https:\/\/www.soljoy.at\/index.php?rest_route=\/wp\/v2\/pages\/45\/revisions\/1320"}],"wp:featuredmedia":[{"embeddable":true,"href":"https:\/\/www.soljoy.at\/index.php?rest_route=\/wp\/v2\/media\/1083"}],"wp:attachment":[{"href":"https:\/\/www.soljoy.at\/index.php?rest_route=%2Fwp%2Fv2%2Fmedia&parent=45"}],"curies":[{"name":"wp","href":"https:\/\/api.w.org\/{rel}","templated":true}]}}