{"id":441,"date":"2019-11-09T14:20:18","date_gmt":"2019-11-09T13:20:18","guid":{"rendered":"https:\/\/datenzuhause.at\/?page_id=441"},"modified":"2024-01-09T11:21:27","modified_gmt":"2024-01-09T10:21:27","slug":"mesmerize","status":"publish","type":"page","link":"https:\/\/www.soljoy.at\/","title":{"rendered":"Front Page"},"content":{"rendered":"<div  data-label=\"symbole\" data-id=\"overlappable--2\" data-export-id=\"overlappable-4\" data-category=\"overlappable\" class=\"overlappable-4 content-section content-section-spacing\" data-overlap=\"true\" id=\"symbole\" style=\"background-color: rgb(255, 255, 255);\"><div  class=\"gridContainer\"> <div  data-type=\"row\" class=\"row spaced-cols text-center\"><div  class=\"col-xs-12 col-sm-4 col-padding col-md-4 \"> <a data-cp-link=\"1\" href=\"https:\/\/soljoy.at?page_id=1013\" target=\"_self\" class=\"\" rel=\"noopener noreferrer\"><i  class=\"fa icon shadow-large-black aligncenter fa-random reverse round large color1\"><\/i><\/a> <div  data-type=\"column\" class=\"\"> <h5  class=\"\">Leitungskataster\n<\/h5> <\/div> <\/div> <div  class=\"col-xs-12 col-sm-4 col-padding col-md-4 \"> <a data-cp-link=\"1\" href=\"https:\/\/soljoy.at?page_id=1012\" target=\"_self\" class=\"\" rel=\"noopener noreferrer\"><i  class=\"fa icon shadow-large-black aligncenter fa-crosshairs reverse round large color1\"><\/i><\/a> <div  data-type=\"column\" class=\"\"><h5  class=\"\">Vermessung<\/h5> <\/div> <\/div> <div  class=\"col-xs-12 col-sm-4 col-padding col-md-4 \"> <a data-cp-link=\"1\" href=\"https:\/\/soljoy.at?page_id=1121\" target=\"_self\" class=\"\" rel=\"noopener noreferrer\"><i  class=\"fa icon shadow-large-black aligncenter fa-globe reverse round large color1\"><\/i><\/a> <div  data-type=\"column\" class=\"\"><h5  class=\"\">Software\n<\/h5> <\/div> <\/div><\/div> <\/div><\/div><div  id=\"teamwork-1\" style=\"background-size: cover; background-position: center top; background-image: none; background-color: rgb(245, 250, 253);\" data-label=\"Teamwork\" data-id=\"about-images-right-section-mc\" data-export-id=\"about-images-right-section-mc\" data-category=\"about\" class=\"about-images-right-section content-section content-section-spacing\" data-section-ov=\"1\"><div  class=\"gridContainer\"> <div  class=\"row middle-sm text-center\"><div  class=\"col-sm-5 content-left-sm\" data-type=\"column\"> <h5  class=\"\">miteinander<\/h5> <h2  class=\"\" style=\"border-bottom-color: rgb(0, 124, 48);\">Ob Leitungskataster,&nbsp; Grundst\u00fccksvermessung oder Software \u2013 wir werden die <span  style=\"font-family: Playfair Display,sans-serif; font-weight: 700; font-style: italic;\" href=\"#\">L\u00f6sungen gemeinsam<\/span> erarbeiten<\/h2> <p  class=\"\">Es geh\u00f6rt zu unserer Firmenphilosophie, dass wir gemeinsam mit Ihnen die f\u00fcr Sie bestm\u00f6gliche L\u00f6sung erarbeiten und diese auch umsetzen.<\/p> <a class=\"button color1\" href=\"https:\/\/soljoy.at?page_id=45\" target=\"_self\" data-cp-link=\"1\" data-icon=\"\" rel=\"noopener noreferrer\">mehr erfahren<\/a><\/div> <div  class=\"col-sm-7 space-bottom-xs\"><div  class=\"image-group-side-3-img\"> <a data-cp-link=\"1\" href=\"#\" target=\"_self\" rel=\"noopener noreferrer\"><img decoding=\"async\"  class=\"topimg shadow-large\" src=\"https:\/\/soljoy.at\/wp-content\/uploads\/2019\/11\/cropped-startup-593296_1920-3.jpg\" alt=\"Front Page\" title=\"cropped-startup-593296_1920-3.jpg\"><\/a> <a data-cp-link=\"1\" href=\"#\" target=\"_self\" rel=\"noopener noreferrer\"><img decoding=\"async\"  class=\"rightimg shadow-large\" src=\"https:\/\/soljoy.at\/wp-content\/uploads\/2019\/11\/cropped-office-594132_1920-1.jpg\" alt=\"Front Page\" title=\"cropped-office-594132_1920-1.jpg\"><\/a> <div  class=\"leftimg\"> <a data-cp-link=\"1\" href=\"#\" target=\"_self\" rel=\"noopener noreferrer\"><img decoding=\"async\"  class=\"shadow-large\" src=\"https:\/\/soljoy.at\/wp-content\/uploads\/2020\/03\/cropped-martin-1.jpg\" alt=\"Front Page\" title=\"cropped-martin-1.jpg\"><\/a><\/div> <\/div><\/div> <\/div><\/div> <\/div><div  id=\"team\" style=\"background-color: rgb(255, 255, 255); background-image: none;\" data-label=\"Team\" data-id=\"content-2\" data-export-id=\"content-2\" data-category=\"content\" class=\"content-2 content-section content-section-spacing\"><div > <div  class=\"row middle-xs\"><div  class=\"col-sm-5 bg-image shadow-large-black\" data-bg=\"image\" style=\"background-image: url(&quot;https:\/\/datenzuhause.at\/wp-content\/uploads\/2019\/11\/team1_1920.png&quot;);\"><\/div> <div  class=\"col-sm-7 full-col-left-padding full-col-right-padding\"> <div  class=\"row\"> <div  data-type=\"column\" class=\"space-bottom-small content-title-col\"> <h5  class=\"\">Steirische L\u00f6sung<\/h5> <h2  class=\"\" style=\"border-bottom-color: rgb(0, 124, 48);\">Das Geheimnis des Erfolgs<\/h2> <p  class=\"lead\">Wir nehmen uns die Zeit mit Ihnen eine ma\u00dfgeschneiderte L\u00f6sung zu finden und setzen diese auch um!<\/p><\/div> <\/div> <div  class=\"row spaced-cols \" data-type=\"row\"> <div  class=\"col-xs-6\" data-type=\"column\">  <\/div>    <\/div><\/div> <\/div><\/div> <\/div><div  id=\"umweltbewusst\" style=\"background-color: rgb(245, 250, 253); background-image: none;\" data-label=\"umweltbewusst\" data-id=\"content-3\" data-export-id=\"content-3\" data-category=\"content\" class=\"content-3 content-section content-section-spacing\"><div > <div  class=\"row middle-xs\"><div  class=\"col-sm-7 full-col-left-padding full-col-right-padding\"> <div  class=\"row\"><div  data-type=\"column\" class=\"space-bottom-small content-title-col\"> <h5  class=\"\">umweltbewusst<\/h5> <h2  class=\"no-after\" style=\"border-bottom-color: rgb(0, 124, 48);\">Strom aus eigener Produktion<\/h2> <p  class=\"\">61% des Strombedarfs unseres Rechenzentrums decken wir aus eigener Produktion<\/p><\/div> <\/div> <div  class=\"row spaced-cols\" data-type=\"row\">  <div  class=\"col-xs-6\" data-type=\"column\"><h5  class=\"\">Photovoltaik<\/h5> <p  class=\"\">Mit unserer rund 80m\u00b2 gro\u00dfen Photovoltaikanlage schaffen wir es jetzt schon rund 60% unseres Energiebedarfes selbst zu erzeugen. Wir planen aber noch einen weiteren Ausbau!<\/p><\/div>  <div  class=\"col-xs-6\" data-type=\"column\"><h5  class=\"\">Strom aus erneuerbarer Energie<\/h5> <p  class=\"\">Zus\u00e4tzlich versorgen wir unser Rechenzentrum und unsere B\u00fcros nur mit Strom aus erneuerbarer Energie<\/p><\/div> <\/div><\/div> <div  class=\"col-sm-5 bg-image shadow-large-black revert-classes-holder\" data-bg=\"image\" style=\"background-image: url(&quot;https:\/\/datenzuhause.at\/wp-content\/uploads\/2019\/11\/u2.png&quot;);\"><\/div><\/div> <\/div><\/div><div  data-label=\"Overlappable\" data-id=\"overlappable--3\" data-export-id=\"overlappable-6\" data-category=\"overlappable\" class=\"overlappable-6 content-section content-section-spacing\" data-overlap=\"true\" id=\"overlappable-1\" style=\"background-color: rgb(255, 255, 255);\"><div  class=\"gridContainer\"> <div  data-type=\"row\" class=\"row shadow-medium\"><div  class=\"col-xs-12 col-sm-4 col-padding-small col-padding-small-xs white-text bg-color2\"> <div  class=\"row middle-xs\"><div  class=\"col-xs-12 col-sm-fit space-bottom-small-xs\"> <i  class=\"fa icon fa-address-card bordered round color-white\"><\/i><\/div> <div  data-type=\"column\" class=\"col-xs-12 col-sm\"><h4  class=\"\">Unterthalstra\u00dfe 2, 8051 Thal<\/h4> <\/div> <\/div><\/div> <div  class=\"col-xs-12 col-sm-4 col-padding-small col-padding-small-xs white-text bg-color2\"><div  class=\"row middle-xs\"> <div  class=\"col-xs-12 col-sm-fit space-bottom-small-xs\"><i  class=\"fa icon fa-at bordered round color-white\"><\/i><\/div> <div  data-type=\"column\" class=\"col-xs-12 col-sm\"><h4  class=\"\">office@soljoy.at<\/h4> <\/div> <\/div><\/div> <div  class=\"col-xs-12 col-sm-4 col-padding-small col-padding-small-xs white-text bg-color2\"><div  class=\"row middle-xs\"> <div  class=\"col-xs-12 col-sm-fit space-bottom-small-xs\"><i  class=\"fa icon fa-phone bordered round color-white\"><\/i><\/div> <div  data-type=\"column\" class=\"col-xs-12 col-sm\"><h4  class=\"\">+43 316 225 333<\/h4> <\/div> <\/div><\/div> <\/div><\/div> <\/div>","protected":false},"excerpt":{"rendered":"<p>Leitungskataster Vermessung Software miteinander Ob Leitungskataster,&nbsp; Grundst\u00fccksvermessung oder Software \u2013 wir werden die L\u00f6sungen gemeinsam erarbeiten Es geh\u00f6rt zu unserer Firmenphilosophie, dass wir gemeinsam mit Ihnen die f\u00fcr Sie bestm\u00f6gliche L\u00f6sung erarbeiten und diese auch umsetzen. mehr erfahren Steirische L\u00f6sung Das Geheimnis des Erfolgs Wir nehmen uns die Zeit mit Ihnen eine ma\u00dfgeschneiderte L\u00f6sung zu&hellip; <br \/> <a class=\"read-more\" href=\"https:\/\/www.soljoy.at\/\">Read more<\/a><\/p>\n","protected":false},"author":1,"featured_media":0,"parent":0,"menu_order":0,"comment_status":"closed","ping_status":"closed","template":"page-templates\/homepage.php","meta":{"footnotes":""},"class_list":["post-441","page","type-page","status-publish","hentry"],"_links":{"self":[{"href":"https:\/\/www.soljoy.at\/index.php?rest_route=\/wp\/v2\/pages\/441","targetHints":{"allow":["GET"]}}],"collection":[{"href":"https:\/\/www.soljoy.at\/index.php?rest_route=\/wp\/v2\/pages"}],"about":[{"href":"https:\/\/www.soljoy.at\/index.php?rest_route=\/wp\/v2\/types\/page"}],"author":[{"embeddable":true,"href":"https:\/\/www.soljoy.at\/index.php?rest_route=\/wp\/v2\/users\/1"}],"replies":[{"embeddable":true,"href":"https:\/\/www.soljoy.at\/index.php?rest_route=%2Fwp%2Fv2%2Fcomments&post=441"}],"version-history":[{"count":99,"href":"https:\/\/www.soljoy.at\/index.php?rest_route=\/wp\/v2\/pages\/441\/revisions"}],"predecessor-version":[{"id":1451,"href":"https:\/\/www.soljoy.at\/index.php?rest_route=\/wp\/v2\/pages\/441\/revisions\/1451"}],"wp:attachment":[{"href":"https:\/\/www.soljoy.at\/index.php?rest_route=%2Fwp%2Fv2%2Fmedia&parent=441"}],"curies":[{"name":"wp","href":"https:\/\/api.w.org\/{rel}","templated":true}]}}