{"id":1178,"date":"2020-03-10T15:45:41","date_gmt":"2020-03-10T14:45:41","guid":{"rendered":"https:\/\/bastel.soljoy.at\/?page_id=1178"},"modified":"2020-03-10T16:42:20","modified_gmt":"2020-03-10T15:42:20","slug":"offroadtraining","status":"publish","type":"page","link":"https:\/\/www.soljoy.at\/?page_id=1178","title":{"rendered":"Offroadtraining"},"content":{"rendered":"<div  data-label=\"Gallery\" data-id=\"gallery--1\" data-export-id=\"gallery-1\" data-category=\"gallery\" class=\"gallery-1 content-section content-section-spacing\" id=\"gallery-1\" style=\"background-color: rgb(255, 255, 255);\"><div  class=\"gridContainer\"> <div  class=\"row\"><div  class=\"section-title-col\" data-type=\"column\"> <h2  class=\"\">Offroadtraining&nbsp; \u00d6AMTC in Stotzing<\/h2> <p  class=\"lead\">Unser Offroadtraining im \u00d6AMTC Offroad Trainingscenter war perfekt organisiert.<br >\nEin Dankesch\u00f6n an Christian Karlberger f\u00fcr die ausgezeichnete und sehr individuelle Betreuung!<br >\nUnser vierter Amarok hatte einen Termin in der Werkstatt \u2013 dankenswerter Weise hat uns das Autohaus Hans Pugl Ges.m.b.H. f\u00fcr unseren Offroad Lehrgang einen Leihwagen zur Verf\u00fcgung gestellt.<\/p><\/div> <\/div> <div  class=\"row text-center\"> <div  class=\"col-xs-12\" data-editable=\"true\" data-content-shortcode=\"mesmerize_gallery id=&quot;mesmerize-gallery-1&quot; columns=&quot;4&quot; ids=&quot;1194,1202,1211,1206,1213,1207,1200,1209,1210,1205,1212,1203,1204,1054&quot; lb=&quot;1&quot; masonry=&quot;1&quot; size=&quot;medium&quot; link=&quot;file&quot; \"><div id='mesmerize-gallery-1' class='gallery-wrapper'><style type=\"text\/css\">\n                    @media only screen and (min-width: 768px) {\n                    [data-unique-id='mesmerize-gallery-1-6a030990e8580'] dl {\n                        float: left;\n                        width: 25% !important;\n                        max-width:  25% !important;\n                        min-width:  25% !important;\n                    }\n\n                    [data-unique-id='mesmerize-gallery-1-6a030990e8580'] dl:nth-of-type(4n +1 ) {\n                      clear: both;\n                      }\n                    }\n                <\/style><div id='mesmerize-gallery-1' class='mesmerize-gallery-1-dls-wrapper gallery-items-wrapper materialis-gallery' data-unique-id='mesmerize-gallery-1-6a030990e8580'><dl class='gallery-item'>\n\t\t\t<dt class='gallery-icon landscape'>\n\t\t\t\t<a data-fancybox=\"mesmerize-gallery-1-group\" href='https:\/\/www.soljoy.at\/wp-content\/uploads\/2020\/03\/IMG_0409.jpg'><img loading=\"lazy\" decoding=\"async\"  width=\"300\" height=\"200\" src=\"https:\/\/www.soljoy.at\/wp-content\/uploads\/2020\/03\/IMG_0409-300x200.jpg\"  class='mesmerize-gallery-1-image' alt=\"\" aria-describedby=\"gallery-1-1194\" srcset=\"https:\/\/www.soljoy.at\/wp-content\/uploads\/2020\/03\/IMG_0409-300x200.jpg 300w, https:\/\/www.soljoy.at\/wp-content\/uploads\/2020\/03\/IMG_0409-1024x682.jpg 1024w, https:\/\/www.soljoy.at\/wp-content\/uploads\/2020\/03\/IMG_0409-768x512.jpg 768w, https:\/\/www.soljoy.at\/wp-content\/uploads\/2020\/03\/IMG_0409-1536x1023.jpg 1536w, https:\/\/www.soljoy.at\/wp-content\/uploads\/2020\/03\/IMG_0409.jpg 1600w\" sizes=\"auto, (max-width: 300px) 100vw, 300px\" \/><\/a>\n\t\t\t<\/dt>\n\t\t\t\t<dd class='wp-caption-text gallery-caption' id='gallery-1-1194'>\n\t\t\t\tDanke Fa. Pugl f\u00fcr die Unterst\u00fctzung\n\t\t\t\t<\/dd><\/dl><dl class='gallery-item'>\n\t\t\t<dt class='gallery-icon landscape'>\n\t\t\t\t<a data-fancybox=\"mesmerize-gallery-1-group\" href='https:\/\/www.soljoy.at\/wp-content\/uploads\/2020\/03\/IMG_0409-1.jpg'><img loading=\"lazy\" decoding=\"async\"  width=\"300\" height=\"200\" src=\"https:\/\/www.soljoy.at\/wp-content\/uploads\/2020\/03\/IMG_0409-1-300x200.jpg\"  class='mesmerize-gallery-1-image' alt=\"\" aria-describedby=\"gallery-1-1202\" srcset=\"https:\/\/www.soljoy.at\/wp-content\/uploads\/2020\/03\/IMG_0409-1-300x200.jpg 300w, https:\/\/www.soljoy.at\/wp-content\/uploads\/2020\/03\/IMG_0409-1-1024x682.jpg 1024w, https:\/\/www.soljoy.at\/wp-content\/uploads\/2020\/03\/IMG_0409-1-768x512.jpg 768w, https:\/\/www.soljoy.at\/wp-content\/uploads\/2020\/03\/IMG_0409-1-1536x1023.jpg 1536w, https:\/\/www.soljoy.at\/wp-content\/uploads\/2020\/03\/IMG_0409-1.jpg 1600w\" sizes=\"auto, (max-width: 300px) 100vw, 300px\" \/><\/a>\n\t\t\t<\/dt>\n\t\t\t\t<dd class='wp-caption-text gallery-caption' id='gallery-1-1202'>\n\t\t\t\tDanke Pugl&#8230;.\n\t\t\t\t<\/dd><\/dl><dl class='gallery-item'>\n\t\t\t<dt class='gallery-icon landscape'>\n\t\t\t\t<a data-fancybox=\"mesmerize-gallery-1-group\" href='https:\/\/www.soljoy.at\/wp-content\/uploads\/2020\/03\/IMG_2521.jpg'><img loading=\"lazy\" decoding=\"async\"  width=\"300\" height=\"225\" src=\"https:\/\/www.soljoy.at\/wp-content\/uploads\/2020\/03\/IMG_2521-300x225.jpg\"  class='mesmerize-gallery-1-image' alt=\"\" aria-describedby=\"gallery-1-1211\" srcset=\"https:\/\/www.soljoy.at\/wp-content\/uploads\/2020\/03\/IMG_2521-300x225.jpg 300w, https:\/\/www.soljoy.at\/wp-content\/uploads\/2020\/03\/IMG_2521-1024x768.jpg 1024w, https:\/\/www.soljoy.at\/wp-content\/uploads\/2020\/03\/IMG_2521-768x576.jpg 768w, https:\/\/www.soljoy.at\/wp-content\/uploads\/2020\/03\/IMG_2521-1536x1152.jpg 1536w, https:\/\/www.soljoy.at\/wp-content\/uploads\/2020\/03\/IMG_2521-1440x1080.jpg 1440w, https:\/\/www.soljoy.at\/wp-content\/uploads\/2020\/03\/IMG_2521.jpg 1600w\" sizes=\"auto, (max-width: 300px) 100vw, 300px\" \/><\/a>\n\t\t\t<\/dt>\n\t\t\t\t<dd class='wp-caption-text gallery-caption' id='gallery-1-1211'>\n\t\t\t\tHinauf&#8230;.\n\t\t\t\t<\/dd><\/dl><dl class='gallery-item'>\n\t\t\t<dt class='gallery-icon landscape'>\n\t\t\t\t<a data-fancybox=\"mesmerize-gallery-1-group\" href='https:\/\/www.soljoy.at\/wp-content\/uploads\/2020\/03\/IMG_0512-1.jpg'><img loading=\"lazy\" decoding=\"async\"  width=\"300\" height=\"200\" src=\"https:\/\/www.soljoy.at\/wp-content\/uploads\/2020\/03\/IMG_0512-1-300x200.jpg\"  class='mesmerize-gallery-1-image' alt=\"\" aria-describedby=\"gallery-1-1206\" srcset=\"https:\/\/www.soljoy.at\/wp-content\/uploads\/2020\/03\/IMG_0512-1-300x200.jpg 300w, https:\/\/www.soljoy.at\/wp-content\/uploads\/2020\/03\/IMG_0512-1-1024x682.jpg 1024w, https:\/\/www.soljoy.at\/wp-content\/uploads\/2020\/03\/IMG_0512-1-768x512.jpg 768w, https:\/\/www.soljoy.at\/wp-content\/uploads\/2020\/03\/IMG_0512-1-1536x1023.jpg 1536w, https:\/\/www.soljoy.at\/wp-content\/uploads\/2020\/03\/IMG_0512-1.jpg 1600w\" sizes=\"auto, (max-width: 300px) 100vw, 300px\" \/><\/a>\n\t\t\t<\/dt>\n\t\t\t\t<dd class='wp-caption-text gallery-caption' id='gallery-1-1206'>\n\t\t\t\taber auch hinunter!\n\t\t\t\t<\/dd><\/dl><dl class='gallery-item'>\n\t\t\t<dt class='gallery-icon landscape'>\n\t\t\t\t<a data-fancybox=\"mesmerize-gallery-1-group\" href='https:\/\/www.soljoy.at\/wp-content\/uploads\/2020\/03\/IMG_20190412_143153.jpg'><img loading=\"lazy\" decoding=\"async\"  width=\"300\" height=\"225\" src=\"https:\/\/www.soljoy.at\/wp-content\/uploads\/2020\/03\/IMG_20190412_143153-300x225.jpg\"  class='mesmerize-gallery-1-image' alt=\"\" aria-describedby=\"gallery-1-1213\" srcset=\"https:\/\/www.soljoy.at\/wp-content\/uploads\/2020\/03\/IMG_20190412_143153-300x225.jpg 300w, https:\/\/www.soljoy.at\/wp-content\/uploads\/2020\/03\/IMG_20190412_143153-1024x768.jpg 1024w, https:\/\/www.soljoy.at\/wp-content\/uploads\/2020\/03\/IMG_20190412_143153-768x576.jpg 768w, https:\/\/www.soljoy.at\/wp-content\/uploads\/2020\/03\/IMG_20190412_143153-1536x1152.jpg 1536w, https:\/\/www.soljoy.at\/wp-content\/uploads\/2020\/03\/IMG_20190412_143153-1440x1080.jpg 1440w, https:\/\/www.soljoy.at\/wp-content\/uploads\/2020\/03\/IMG_20190412_143153.jpg 1600w\" sizes=\"auto, (max-width: 300px) 100vw, 300px\" \/><\/a>\n\t\t\t<\/dt>\n\t\t\t\t<dd class='wp-caption-text gallery-caption' id='gallery-1-1213'>\n\t\t\t\tSieht nicht so aus\u2026.\n\t\t\t\t<\/dd><\/dl><dl class='gallery-item'>\n\t\t\t<dt class='gallery-icon landscape'>\n\t\t\t\t<a data-fancybox=\"mesmerize-gallery-1-group\" href='https:\/\/www.soljoy.at\/wp-content\/uploads\/2020\/03\/IMG_0609-Kopie-1.jpg'><img loading=\"lazy\" decoding=\"async\"  width=\"300\" height=\"200\" src=\"https:\/\/www.soljoy.at\/wp-content\/uploads\/2020\/03\/IMG_0609-Kopie-1-300x200.jpg\"  class='mesmerize-gallery-1-image' alt=\"\" srcset=\"https:\/\/www.soljoy.at\/wp-content\/uploads\/2020\/03\/IMG_0609-Kopie-1-300x200.jpg 300w, https:\/\/www.soljoy.at\/wp-content\/uploads\/2020\/03\/IMG_0609-Kopie-1-1024x682.jpg 1024w, https:\/\/www.soljoy.at\/wp-content\/uploads\/2020\/03\/IMG_0609-Kopie-1-768x512.jpg 768w, https:\/\/www.soljoy.at\/wp-content\/uploads\/2020\/03\/IMG_0609-Kopie-1-1536x1023.jpg 1536w, https:\/\/www.soljoy.at\/wp-content\/uploads\/2020\/03\/IMG_0609-Kopie-1.jpg 1600w\" sizes=\"auto, (max-width: 300px) 100vw, 300px\" \/><\/a>\n\t\t\t<\/dt><\/dl><dl class='gallery-item'>\n\t\t\t<dt class='gallery-icon portrait'>\n\t\t\t\t<a data-fancybox=\"mesmerize-gallery-1-group\" href='https:\/\/www.soljoy.at\/wp-content\/uploads\/2020\/03\/IMG_0654.jpg'><img loading=\"lazy\" decoding=\"async\"  width=\"200\" height=\"300\" src=\"https:\/\/www.soljoy.at\/wp-content\/uploads\/2020\/03\/IMG_0654-200x300.jpg\"  class='mesmerize-gallery-1-image' alt=\"\" aria-describedby=\"gallery-1-1200\" srcset=\"https:\/\/www.soljoy.at\/wp-content\/uploads\/2020\/03\/IMG_0654-200x300.jpg 200w, https:\/\/www.soljoy.at\/wp-content\/uploads\/2020\/03\/IMG_0654-683x1024.jpg 683w, https:\/\/www.soljoy.at\/wp-content\/uploads\/2020\/03\/IMG_0654-768x1152.jpg 768w, https:\/\/www.soljoy.at\/wp-content\/uploads\/2020\/03\/IMG_0654-720x1080.jpg 720w, https:\/\/www.soljoy.at\/wp-content\/uploads\/2020\/03\/IMG_0654.jpg 800w\" sizes=\"auto, (max-width: 200px) 100vw, 200px\" \/><\/a>\n\t\t\t<\/dt>\n\t\t\t\t<dd class='wp-caption-text gallery-caption' id='gallery-1-1200'>\n\t\t\t\tda auch\u2026.\n\t\t\t\t<\/dd><\/dl><dl class='gallery-item'>\n\t\t\t<dt class='gallery-icon portrait'>\n\t\t\t\t<a data-fancybox=\"mesmerize-gallery-1-group\" href='https:\/\/www.soljoy.at\/wp-content\/uploads\/2020\/03\/IMG_0685-1.jpg'><img loading=\"lazy\" decoding=\"async\"  width=\"200\" height=\"300\" src=\"https:\/\/www.soljoy.at\/wp-content\/uploads\/2020\/03\/IMG_0685-1-200x300.jpg\"  class='mesmerize-gallery-1-image' alt=\"\" aria-describedby=\"gallery-1-1209\" srcset=\"https:\/\/www.soljoy.at\/wp-content\/uploads\/2020\/03\/IMG_0685-1-200x300.jpg 200w, https:\/\/www.soljoy.at\/wp-content\/uploads\/2020\/03\/IMG_0685-1-683x1024.jpg 683w, https:\/\/www.soljoy.at\/wp-content\/uploads\/2020\/03\/IMG_0685-1-768x1152.jpg 768w, https:\/\/www.soljoy.at\/wp-content\/uploads\/2020\/03\/IMG_0685-1-720x1080.jpg 720w, https:\/\/www.soljoy.at\/wp-content\/uploads\/2020\/03\/IMG_0685-1.jpg 800w\" sizes=\"auto, (max-width: 200px) 100vw, 200px\" \/><\/a>\n\t\t\t<\/dt>\n\t\t\t\t<dd class='wp-caption-text gallery-caption' id='gallery-1-1209'>\n\t\t\t\tund da!\n\t\t\t\t<\/dd><\/dl><dl class='gallery-item'>\n\t\t\t<dt class='gallery-icon landscape'>\n\t\t\t\t<a data-fancybox=\"mesmerize-gallery-1-group\" href='https:\/\/www.soljoy.at\/wp-content\/uploads\/2020\/03\/IMG_0762-Kopie.jpg'><img loading=\"lazy\" decoding=\"async\"  width=\"300\" height=\"200\" src=\"https:\/\/www.soljoy.at\/wp-content\/uploads\/2020\/03\/IMG_0762-Kopie-300x200.jpg\"  class='mesmerize-gallery-1-image' alt=\"\" aria-describedby=\"gallery-1-1210\" srcset=\"https:\/\/www.soljoy.at\/wp-content\/uploads\/2020\/03\/IMG_0762-Kopie-300x200.jpg 300w, https:\/\/www.soljoy.at\/wp-content\/uploads\/2020\/03\/IMG_0762-Kopie-1024x682.jpg 1024w, https:\/\/www.soljoy.at\/wp-content\/uploads\/2020\/03\/IMG_0762-Kopie-768x512.jpg 768w, https:\/\/www.soljoy.at\/wp-content\/uploads\/2020\/03\/IMG_0762-Kopie-1536x1023.jpg 1536w, https:\/\/www.soljoy.at\/wp-content\/uploads\/2020\/03\/IMG_0762-Kopie.jpg 1600w\" sizes=\"auto, (max-width: 300px) 100vw, 300px\" \/><\/a>\n\t\t\t<\/dt>\n\t\t\t\t<dd class='wp-caption-text gallery-caption' id='gallery-1-1210'>\n\t\t\t\tEs ist ganz sch\u00f6n zur Sache gegangen\u2026\n\t\t\t\t<\/dd><\/dl><dl class='gallery-item'>\n\t\t\t<dt class='gallery-icon portrait'>\n\t\t\t\t<a data-fancybox=\"mesmerize-gallery-1-group\" href='https:\/\/www.soljoy.at\/wp-content\/uploads\/2020\/03\/IMG_0506-1.jpg'><img loading=\"lazy\" decoding=\"async\"  width=\"200\" height=\"300\" src=\"https:\/\/www.soljoy.at\/wp-content\/uploads\/2020\/03\/IMG_0506-1-200x300.jpg\"  class='mesmerize-gallery-1-image' alt=\"\" aria-describedby=\"gallery-1-1205\" srcset=\"https:\/\/www.soljoy.at\/wp-content\/uploads\/2020\/03\/IMG_0506-1-200x300.jpg 200w, https:\/\/www.soljoy.at\/wp-content\/uploads\/2020\/03\/IMG_0506-1-683x1024.jpg 683w, https:\/\/www.soljoy.at\/wp-content\/uploads\/2020\/03\/IMG_0506-1-768x1152.jpg 768w, https:\/\/www.soljoy.at\/wp-content\/uploads\/2020\/03\/IMG_0506-1-720x1080.jpg 720w, https:\/\/www.soljoy.at\/wp-content\/uploads\/2020\/03\/IMG_0506-1.jpg 800w\" sizes=\"auto, (max-width: 200px) 100vw, 200px\" \/><\/a>\n\t\t\t<\/dt>\n\t\t\t\t<dd class='wp-caption-text gallery-caption' id='gallery-1-1205'>\n\t\t\t\tBergauf und\n\t\t\t\t<\/dd><\/dl><dl class='gallery-item'>\n\t\t\t<dt class='gallery-icon landscape'>\n\t\t\t\t<a data-fancybox=\"mesmerize-gallery-1-group\" href='https:\/\/www.soljoy.at\/wp-content\/uploads\/2020\/03\/IMG_20190412_140921.jpg'><img loading=\"lazy\" decoding=\"async\"  width=\"300\" height=\"225\" src=\"https:\/\/www.soljoy.at\/wp-content\/uploads\/2020\/03\/IMG_20190412_140921-300x225.jpg\"  class='mesmerize-gallery-1-image' alt=\"\" aria-describedby=\"gallery-1-1212\" srcset=\"https:\/\/www.soljoy.at\/wp-content\/uploads\/2020\/03\/IMG_20190412_140921-300x225.jpg 300w, https:\/\/www.soljoy.at\/wp-content\/uploads\/2020\/03\/IMG_20190412_140921-1024x768.jpg 1024w, https:\/\/www.soljoy.at\/wp-content\/uploads\/2020\/03\/IMG_20190412_140921-768x576.jpg 768w, https:\/\/www.soljoy.at\/wp-content\/uploads\/2020\/03\/IMG_20190412_140921-1536x1152.jpg 1536w, https:\/\/www.soljoy.at\/wp-content\/uploads\/2020\/03\/IMG_20190412_140921-1440x1080.jpg 1440w, https:\/\/www.soljoy.at\/wp-content\/uploads\/2020\/03\/IMG_20190412_140921.jpg 1600w\" sizes=\"auto, (max-width: 300px) 100vw, 300px\" \/><\/a>\n\t\t\t<\/dt>\n\t\t\t\t<dd class='wp-caption-text gallery-caption' id='gallery-1-1212'>\n\t\t\t\tbergab\u2026.\n\t\t\t\t<\/dd><\/dl><dl class='gallery-item'>\n\t\t\t<dt class='gallery-icon landscape'>\n\t\t\t\t<a data-fancybox=\"mesmerize-gallery-1-group\" href='https:\/\/www.soljoy.at\/wp-content\/uploads\/2020\/03\/IMG_0421-1.jpg'><img loading=\"lazy\" decoding=\"async\"  width=\"300\" height=\"200\" src=\"https:\/\/www.soljoy.at\/wp-content\/uploads\/2020\/03\/IMG_0421-1-300x200.jpg\"  class='mesmerize-gallery-1-image' alt=\"\" aria-describedby=\"gallery-1-1203\" srcset=\"https:\/\/www.soljoy.at\/wp-content\/uploads\/2020\/03\/IMG_0421-1-300x200.jpg 300w, https:\/\/www.soljoy.at\/wp-content\/uploads\/2020\/03\/IMG_0421-1-1024x682.jpg 1024w, https:\/\/www.soljoy.at\/wp-content\/uploads\/2020\/03\/IMG_0421-1-768x512.jpg 768w, https:\/\/www.soljoy.at\/wp-content\/uploads\/2020\/03\/IMG_0421-1-1536x1023.jpg 1536w, https:\/\/www.soljoy.at\/wp-content\/uploads\/2020\/03\/IMG_0421-1.jpg 1600w\" sizes=\"auto, (max-width: 300px) 100vw, 300px\" \/><\/a>\n\t\t\t<\/dt>\n\t\t\t\t<dd class='wp-caption-text gallery-caption' id='gallery-1-1203'>\n\t\t\t\timmer volle Konzentration\n\t\t\t\t<\/dd><\/dl><dl class='gallery-item'>\n\t\t\t<dt class='gallery-icon landscape'>\n\t\t\t\t<a data-fancybox=\"mesmerize-gallery-1-group\" href='https:\/\/www.soljoy.at\/wp-content\/uploads\/2020\/03\/IMG_0493-1.jpg'><img loading=\"lazy\" decoding=\"async\"  width=\"300\" height=\"200\" src=\"https:\/\/www.soljoy.at\/wp-content\/uploads\/2020\/03\/IMG_0493-1-300x200.jpg\"  class='mesmerize-gallery-1-image' alt=\"\" aria-describedby=\"gallery-1-1204\" srcset=\"https:\/\/www.soljoy.at\/wp-content\/uploads\/2020\/03\/IMG_0493-1-300x200.jpg 300w, https:\/\/www.soljoy.at\/wp-content\/uploads\/2020\/03\/IMG_0493-1-1024x682.jpg 1024w, https:\/\/www.soljoy.at\/wp-content\/uploads\/2020\/03\/IMG_0493-1-768x512.jpg 768w, https:\/\/www.soljoy.at\/wp-content\/uploads\/2020\/03\/IMG_0493-1-1536x1023.jpg 1536w, https:\/\/www.soljoy.at\/wp-content\/uploads\/2020\/03\/IMG_0493-1.jpg 1600w\" sizes=\"auto, (max-width: 300px) 100vw, 300px\" \/><\/a>\n\t\t\t<\/dt>\n\t\t\t\t<dd class='wp-caption-text gallery-caption' id='gallery-1-1204'>\n\t\t\t\tvon allen!\n\t\t\t\t<\/dd><\/dl><dl class='gallery-item'>\n\t\t\t<dt class='gallery-icon landscape'>\n\t\t\t\t<a data-fancybox=\"mesmerize-gallery-1-group\" href='https:\/\/www.soljoy.at\/wp-content\/uploads\/2020\/03\/cropped-alle.jpg'><img loading=\"lazy\" decoding=\"async\"  width=\"300\" height=\"180\" src=\"https:\/\/www.soljoy.at\/wp-content\/uploads\/2020\/03\/cropped-alle-300x180.jpg\"  class='mesmerize-gallery-1-image' alt=\"\" aria-describedby=\"gallery-1-1054\" srcset=\"https:\/\/www.soljoy.at\/wp-content\/uploads\/2020\/03\/cropped-alle-300x180.jpg 300w, https:\/\/www.soljoy.at\/wp-content\/uploads\/2020\/03\/cropped-alle-1024x614.jpg 1024w, https:\/\/www.soljoy.at\/wp-content\/uploads\/2020\/03\/cropped-alle-768x461.jpg 768w, https:\/\/www.soljoy.at\/wp-content\/uploads\/2020\/03\/cropped-alle-1536x922.jpg 1536w, https:\/\/www.soljoy.at\/wp-content\/uploads\/2020\/03\/cropped-alle-1800x1080.jpg 1800w, https:\/\/www.soljoy.at\/wp-content\/uploads\/2020\/03\/cropped-alle.jpg 2000w\" sizes=\"auto, (max-width: 300px) 100vw, 300px\" \/><\/a>\n\t\t\t<\/dt>\n\t\t\t\t<dd class='wp-caption-text gallery-caption' id='gallery-1-1054'>\n\t\t\t\tEs war ein interessanter, lehrreicher Tag!\n\t\t\t\t<\/dd><\/dl>\n\t\t\t\n\t\t<\/div>\n<script>(function($){window.MaterialisCaptionsGallery && window.MaterialisCaptionsGallery($('[data-unique-id=\"mesmerize-gallery-1-6a030990e8580\"]'))})(jQuery)<\/script><\/div><\/div><\/div> <\/div><\/div>","protected":false},"excerpt":{"rendered":"<p>Offroadtraining&nbsp; \u00d6AMTC in Stotzing Unser Offroadtraining im \u00d6AMTC Offroad Trainingscenter war perfekt organisiert. Ein Dankesch\u00f6n an Christian Karlberger f\u00fcr die ausgezeichnete und sehr individuelle Betreuung! Unser vierter Amarok hatte einen Termin in der Werkstatt \u2013 dankenswerter Weise hat uns das Autohaus Hans Pugl Ges.m.b.H. f\u00fcr unseren Offroad Lehrgang einen Leihwagen zur Verf\u00fcgung gestellt.<\/p>\n","protected":false},"author":1,"featured_media":1211,"parent":0,"menu_order":0,"comment_status":"closed","ping_status":"closed","template":"pro\/page-templates\/full-width-page.php","meta":{"footnotes":""},"class_list":["post-1178","page","type-page","status-publish","has-post-thumbnail","hentry"],"_links":{"self":[{"href":"https:\/\/www.soljoy.at\/index.php?rest_route=\/wp\/v2\/pages\/1178","targetHints":{"allow":["GET"]}}],"collection":[{"href":"https:\/\/www.soljoy.at\/index.php?rest_route=\/wp\/v2\/pages"}],"about":[{"href":"https:\/\/www.soljoy.at\/index.php?rest_route=\/wp\/v2\/types\/page"}],"author":[{"embeddable":true,"href":"https:\/\/www.soljoy.at\/index.php?rest_route=\/wp\/v2\/users\/1"}],"replies":[{"embeddable":true,"href":"https:\/\/www.soljoy.at\/index.php?rest_route=%2Fwp%2Fv2%2Fcomments&post=1178"}],"version-history":[{"count":4,"href":"https:\/\/www.soljoy.at\/index.php?rest_route=\/wp\/v2\/pages\/1178\/revisions"}],"predecessor-version":[{"id":1217,"href":"https:\/\/www.soljoy.at\/index.php?rest_route=\/wp\/v2\/pages\/1178\/revisions\/1217"}],"wp:featuredmedia":[{"embeddable":true,"href":"https:\/\/www.soljoy.at\/index.php?rest_route=\/wp\/v2\/media\/1211"}],"wp:attachment":[{"href":"https:\/\/www.soljoy.at\/index.php?rest_route=%2Fwp%2Fv2%2Fmedia&parent=1178"}],"curies":[{"name":"wp","href":"https:\/\/api.w.org\/{rel}","templated":true}]}}