{"id":1177,"date":"2020-03-10T15:45:41","date_gmt":"2020-03-10T14:45:41","guid":{"rendered":"https:\/\/bastel.soljoy.at\/?page_id=1177"},"modified":"2020-11-02T17:43:54","modified_gmt":"2020-11-02T16:43:54","slug":"thal_fwp502","status":"publish","type":"page","link":"https:\/\/www.soljoy.at\/?page_id=1177","title":{"rendered":"Thal Fl\u00e4chenwidmungsplan 5.02"},"content":{"rendered":"<div  data-label=\"About\" data-id=\"about--1\" data-export-id=\"about-9\" data-category=\"about\" class=\"about-9 content-section content-section-spacing\" id=\"about-1\" style=\"background-color: rgb(255, 255, 255);\"><div  class=\"gridContainer\"> <div  class=\"row middle-sm text-center\"><div  class=\"col-sm-5 space-bottom-xs content-column content-right-sm\" data-type=\"column\"> <h5  class=\"\">Thal<\/h5> <h2  class=\"\" style=\"border-bottom-color: rgb(0, 124, 48);\">Der<br ><span  style=\"font-family: &quot;Playfair Display&quot;, arial, helvetica, sans-serif; font-weight: 700; font-style: italic;\" href=\"#\">Fl\u00e4chenwidmungsplan 5.02<\/span>&nbsp;ist online<\/h2> <p  class=\"\">Der aktuelle Fl\u00e4chenwidmungplan der Marktgemeinde Thal ist ab sofort auf der Website der Gemeinde online!<\/p> <a class=\"button color1\" href=\"https:\/\/gisapp.eu-gen.at\/gisapp\/thal_fwp502public?public=on\" target=\"_blank\" data-cp-link=\"1\" data-icon=\"\" rel=\"noopener noreferrer\">Fl\u00e4chenwidmungsplan ansehen<\/a><\/div> <div  class=\"col-sm-7 flexbox flexbox middle-xs center-xs space-bottom-xs\"><div  class=\"overlay-box flexbox middle-xs center-xs overlay-holder \"> <div  class=\"overlay-box-offset offset-background shadow-medium bg-color2 hide-xs\"><\/div> <a data-cp-link=\"1\" href=\"#\" target=\"_self\" rel=\"noopener noreferrer\"><img decoding=\"async\"  class=\"flexbox shadow-large img1\" src=\"https:\/\/soljoy.at\/wp-content\/uploads\/2020\/03\/cropped-fwp-1-1.png\" data-size=\"600x400\"><\/a><\/div> <\/div><\/div> <\/div><\/div>","protected":false},"excerpt":{"rendered":"<p>Thal DerFl\u00e4chenwidmungsplan 5.02&nbsp;ist online Der aktuelle Fl\u00e4chenwidmungplan der Marktgemeinde Thal ist ab sofort auf der Website der Gemeinde online! Fl\u00e4chenwidmungsplan ansehen<\/p>\n","protected":false},"author":1,"featured_media":1083,"parent":0,"menu_order":0,"comment_status":"closed","ping_status":"closed","template":"pro\/page-templates\/full-width-page.php","meta":{"footnotes":""},"class_list":["post-1177","page","type-page","status-publish","has-post-thumbnail","hentry"],"_links":{"self":[{"href":"https:\/\/www.soljoy.at\/index.php?rest_route=\/wp\/v2\/pages\/1177","targetHints":{"allow":["GET"]}}],"collection":[{"href":"https:\/\/www.soljoy.at\/index.php?rest_route=\/wp\/v2\/pages"}],"about":[{"href":"https:\/\/www.soljoy.at\/index.php?rest_route=\/wp\/v2\/types\/page"}],"author":[{"embeddable":true,"href":"https:\/\/www.soljoy.at\/index.php?rest_route=\/wp\/v2\/users\/1"}],"replies":[{"embeddable":true,"href":"https:\/\/www.soljoy.at\/index.php?rest_route=%2Fwp%2Fv2%2Fcomments&post=1177"}],"version-history":[{"count":5,"href":"https:\/\/www.soljoy.at\/index.php?rest_route=\/wp\/v2\/pages\/1177\/revisions"}],"predecessor-version":[{"id":1341,"href":"https:\/\/www.soljoy.at\/index.php?rest_route=\/wp\/v2\/pages\/1177\/revisions\/1341"}],"wp:featuredmedia":[{"embeddable":true,"href":"https:\/\/www.soljoy.at\/index.php?rest_route=\/wp\/v2\/media\/1083"}],"wp:attachment":[{"href":"https:\/\/www.soljoy.at\/index.php?rest_route=%2Fwp%2Fv2%2Fmedia&parent=1177"}],"curies":[{"name":"wp","href":"https:\/\/api.w.org\/{rel}","templated":true}]}}