{"id":1174,"date":"2020-03-10T15:45:41","date_gmt":"2020-03-10T14:45:41","guid":{"rendered":"https:\/\/bastel.soljoy.at\/?page_id=1174"},"modified":"2020-03-11T10:16:50","modified_gmt":"2020-03-11T09:16:50","slug":"wasserland","status":"publish","type":"page","link":"https:\/\/www.soljoy.at\/?page_id=1174","title":{"rendered":"Wasserland"},"content":{"rendered":"<div  data-label=\"About\" data-id=\"about--1\" data-export-id=\"about-3\" data-category=\"about\" class=\"about-3 content-section content-section-spacing\" id=\"about-1\" style=\"background-color: rgb(255, 255, 255);\"><div  class=\"gridContainer\"> <div  class=\"row\"><div  class=\"col-sm-6 col-padding-small-xs col-sm-padding-large bg-color5 white-text content-col\" data-type=\"column\"> <h5  class=\"\">Wasserland Steiermark Preis 2014<\/h5> <h2  class=\"\" style=\"border-bottom-color: rgb(0, 124, 48); text-align: left;\">Wir belegten Platz zwei mit unserer&nbsp;<br ><span  href=\"#\" style=\"font-family: Playfair Display,sans-serif; font-weight: 700; font-style: italic;\"><span  style=\"font-family: Muli, arial, helvetica, sans-serif;\">GIS-Software\n<\/span><br ><span  style=\"font-family: Muli, arial, helvetica, sans-serif; font-weight: 900;\">EU-GEN<\/span><\/span><span  style=\"font-family: Muli, arial, helvetica, sans-serif; font-weight: 900;\">&nbsp;\n<\/span><br >bei dieser begehrten Auszeichnung des <span  style=\"font-family: Muli, arial, helvetica, sans-serif; font-weight: 700;\">Landes Steiermark<\/span><\/h2> <\/div> <div  class=\"col-sm-6 no-gutter-col flexbox-strech center-xs middle-xs\"><div  class=\"lightbox-video dark-overlay shadow-large overlap-x-large flexbox middle-xs center-xs\" data-type=\"group\" data-bg=\"image\" style=\"background-image: url(&quot;https:\/\/bastel.soljoy.at\/wp-content\/uploads\/2020\/03\/cropped-05_soljoy-GmbH_Projekt-EU_GEN_klein.jpg&quot;);\"> <a  data-fancybox=\"\" data-video-lightbox=\"true\" href=\"https:\/\/youtu.be\/PQcdLOPYWmY\" class=\"\"> <i  data-cp-fa=\"true\" class=\"fa video-icon fa-play-circle-o color-white\"><\/i><\/a> <\/div><\/div> <\/div><\/div> <\/div><div  data-label=\"Content\" data-id=\"content--1\" data-export-id=\"content-16\" data-category=\"content\" class=\"content-16 content-section content-section-spacing\" id=\"content-1\" style=\"background-color: rgb(245, 250, 253);\"><div  class=\"gridContainer\"> <div  class=\"row middle-sm\"><div  class=\"col-sm-6 space-bottom-xs\" data-type=\"column\"> <h2  class=\"\" style=\"border-bottom-color: rgb(0, 124, 48);\">\u201einteressante L\u00f6sungsans\u00e4tze f\u00fcr die Kanalbewirtschaftung\u201c<\/h2> <p  class=\"\">Wir freuen uns \u00fcber die Auszeichnung unserer GIS-Software EU-GEN mit dem Wasserland Steiermark Preis 2014. Die Jury lobt die \u201einteressanten L\u00f6sungsans\u00e4tze f\u00fcr die Kanalbewirtschaftung\u201c. Die Preisrichter weiter: \u201eMit diesem Projekt tr\u00e4gt das Unternehmen den k\u00fcnftigen Herausforderungen einer optimalen Betriebsf\u00fchrung und Erhaltung der Kanalinfrastruktur Rechnung.\u201c<br >\nEU-GEN verf\u00fcgt als erste steirische GIS-Software \u00fcber ein geografisches Management-System, das es Kommunen erm\u00f6glicht, effizienten und modernen Wasserschutz zu betreiben. Die an die Anforderungen von Wasser- und Abwasserverb\u00e4nden angepasste L\u00f6sung wurde in Zusammenarbeit mit dem AWV<br >\nGrazerfeld entwickelt.<br >\nDer Wasserland Steiermark Preis 2014 soll als Anreiz dienen, die Zusammenarbeit mit<br >\nAbwasserentsorgern weiter zu vertiefen.<\/p> <\/div> <div  class=\"col-sm-6 flexbox around-xs top-xs space-top-xs space-bottom-xs\"><div  class=\"overlay-box flexbox middle-xs center-xs overlay-holder\"> <div  class=\"overlay-box-offset offset-border shadow-medium border-color2 hide-xs\"><\/div> <img decoding=\"async\"  class=\"flexbox shadow-large img1\" data-size=\"500x500\" src=\"https:\/\/bastel.soljoy.at\/wp-content\/uploads\/2020\/03\/cropped-eugen_kreis.png\" alt=\"\" title=\"cropped-eugen_kreis.png\"><\/div> <\/div><\/div> <\/div><\/div><div  data-label=\"Content\" data-id=\"content--2\" data-export-id=\"content-15\" data-category=\"content\" class=\"content-15 content-section content-section-spacing\" id=\"content-2\" style=\"background-color: rgb(255, 255, 255);\"><div  class=\"gridContainer\"> <div  class=\"row middle-sm\"><div  class=\"col-sm-6 flexbox around-xs top-xs space-bottom-xs space-top-xs\"> <div  class=\"overlay-box flexbox middle-xs center-xs overlay-holder\"><div  class=\"overlay-box-offset offset-border shadow-medium border-color2 hide-xs\"><\/div> <img decoding=\"async\"  class=\"flexbox shadow-large img1\" data-size=\"500x500\" src=\"https:\/\/bastel.soljoy.at\/wp-content\/uploads\/2020\/03\/cropped-eugen_kreis-1.png\" alt=\"\" title=\"cropped-eugen_kreis-1.png\"><\/div> <\/div> <div  class=\"col-sm-6\" data-type=\"column\"> <h2  class=\"\" style=\"border-bottom-color: rgb(0, 124, 48);\">EU-GEN: Aktive Kanalsteuerung<\/h2> <p  class=\"\">Mit Hilfe von EU-GEN werden Daten, die in Gemeinden und Verb\u00e4nden vorhanden sind, aufbereitet und analysiert. Dadurch ergibt sich enormes Einsparungspotenzial. Durch die Inspektion des gesamten Abwassersystems hinsichtlich aufgetretener Sch\u00e4den werden Umweltverschmutzungen deutlich reduziert. Die klare Strukturierung des Abwassersystems minimiert Risiken durch verunreinigtes Abwasser. Es wird m\u00f6glich aktiv in den Betrieb des Kanalsystems einzugreifen und dieses zu steuern. So lassen sich etwa durch rasches Auffinden von Fehleinleitungen die Kosten f\u00fcr Fremdwasser verringern.<\/p> <\/div> <\/div><\/div> <\/div><div  data-label=\"Content\" data-id=\"content--3\" data-export-id=\"content-16\" data-category=\"content\" class=\"content-16 content-section content-section-spacing\" id=\"content-3\" style=\"background-color: rgb(245, 250, 253);\"><div  class=\"gridContainer\"> <div  class=\"row middle-sm\"><div  class=\"col-sm-6 space-bottom-xs\" data-type=\"column\"> <h2  class=\"\" style=\"border-bottom-color: rgb(0, 124, 48);\">L\u00f6sung f\u00fcr den Ernstfall<\/h2> <p  class=\"\">Eine Alarmfunktion sorgt daf\u00fcr, dass im Ernstfall rasches Handeln m\u00f6glich wird. Etwa bei einem Brand, bei dem gro\u00dfe Mengen verunreinigten L\u00f6schwassers in den Kanal flie\u00dfen. Der diensthabende Mitarbeiter kann mittels Adresseingabe den Verlauf des Abwassers ermitteln, erh\u00e4lt sofort eine Liste aller Pumpwerke und kann diese \u00fcber die Software steuern. \u00dcber das Fernwirksystem wird zudem der Wasserspiegel \u00fcberwacht und ein \u00dcberlaufen verhindert. Die Feuerwehr kann schlie\u00dflich das im Pumpwerk zur\u00fcckgehaltene Wasser abpumpen und ordnungsgem\u00e4\u00df entsorgen.<\/p> <\/div> <div  class=\"col-sm-6 flexbox around-xs top-xs space-top-xs space-bottom-xs\"><div  class=\"overlay-box flexbox middle-xs center-xs overlay-holder\"> <div  class=\"overlay-box-offset offset-border shadow-medium border-color2 hide-xs\"><\/div> <img decoding=\"async\"  class=\"flexbox shadow-large img1\" data-size=\"500x500\" src=\"https:\/\/bastel.soljoy.at\/wp-content\/uploads\/2020\/03\/cropped-EU-GENgps-2.png\" alt=\"\" title=\"cropped-EU-GENgps-2.png\"><\/div> <\/div><\/div> <\/div><\/div>","protected":false},"excerpt":{"rendered":"<p>Wasserland Steiermark Preis 2014 Wir belegten Platz zwei mit unserer&nbsp;GIS-Software EU-GEN&nbsp; bei dieser begehrten Auszeichnung des Landes Steiermark \u201einteressante L\u00f6sungsans\u00e4tze f\u00fcr die Kanalbewirtschaftung\u201c Wir freuen uns \u00fcber die Auszeichnung unserer GIS-Software EU-GEN mit dem Wasserland Steiermark Preis 2014. Die Jury lobt die \u201einteressanten L\u00f6sungsans\u00e4tze f\u00fcr die Kanalbewirtschaftung\u201c. Die Preisrichter weiter: \u201eMit diesem Projekt tr\u00e4gt das&hellip; <br \/> <a class=\"read-more\" href=\"https:\/\/www.soljoy.at\/?page_id=1174\">Read more<\/a><\/p>\n","protected":false},"author":1,"featured_media":0,"parent":0,"menu_order":0,"comment_status":"closed","ping_status":"closed","template":"pro\/page-templates\/full-width-page.php","meta":{"footnotes":""},"class_list":["post-1174","page","type-page","status-publish","hentry"],"_links":{"self":[{"href":"https:\/\/www.soljoy.at\/index.php?rest_route=\/wp\/v2\/pages\/1174","targetHints":{"allow":["GET"]}}],"collection":[{"href":"https:\/\/www.soljoy.at\/index.php?rest_route=\/wp\/v2\/pages"}],"about":[{"href":"https:\/\/www.soljoy.at\/index.php?rest_route=\/wp\/v2\/types\/page"}],"author":[{"embeddable":true,"href":"https:\/\/www.soljoy.at\/index.php?rest_route=\/wp\/v2\/users\/1"}],"replies":[{"embeddable":true,"href":"https:\/\/www.soljoy.at\/index.php?rest_route=%2Fwp%2Fv2%2Fcomments&post=1174"}],"version-history":[{"count":9,"href":"https:\/\/www.soljoy.at\/index.php?rest_route=\/wp\/v2\/pages\/1174\/revisions"}],"predecessor-version":[{"id":1299,"href":"https:\/\/www.soljoy.at\/index.php?rest_route=\/wp\/v2\/pages\/1174\/revisions\/1299"}],"wp:attachment":[{"href":"https:\/\/www.soljoy.at\/index.php?rest_route=%2Fwp%2Fv2%2Fmedia&parent=1174"}],"curies":[{"name":"wp","href":"https:\/\/api.w.org\/{rel}","templated":true}]}}