{"id":1013,"date":"2020-03-09T11:19:37","date_gmt":"2020-03-09T10:19:37","guid":{"rendered":"https:\/\/bastel.soljoy.at\/?page_id=1013"},"modified":"2022-10-22T16:19:44","modified_gmt":"2022-10-22T14:19:44","slug":"leitungskataster","status":"publish","type":"page","link":"https:\/\/www.soljoy.at\/?page_id=1013","title":{"rendered":"Leitungskataster"},"content":{"rendered":"<div  data-label=\"Leitungskataster\" data-id=\"about--2\" data-export-id=\"about-9\" data-category=\"about\" class=\"about-9 content-section content-section-spacing\" id=\"leitungskataster\" style=\"background-color: rgb(255, 255, 255);\"><div  class=\"gridContainer\"> <div  class=\"row middle-sm text-center\"><div  class=\"col-sm-5 space-bottom-xs content-column content-right-sm\" data-type=\"column\"> <h5  class=\"\">LEITUNGSKATASTER<\/h5> <h2  class=\"\">Profitieren Sie von unserer&nbsp;<br > <span  style=\"font-family: Playfair Display,sans-serif; font-weight: 700; font-style: italic;\" href=\"#\">Erfahrung und Kompetenz<\/span> als Komplettanbieter f\u00f6rderf\u00e4higer Leitungskataster<\/h2> <p  class=\"\" style=\"text-align: right;\">Wir alle sind auf Wasser, Strom, Gas, W\u00e4rme oder Telekommunikation<br >\nangewiesen. Die Aufgabe der Betreiber ist es, die daf\u00fcr notwendige<br >\nInfrastruktur f\u00fcr die Versorgung sicherzustellen. Ein digitaler<br >\nLeitungskataster, der einen vollst\u00e4ndigen \u00dcberblick bietet, ist daf\u00fcr<br >\neine wichtige Voraussetzung. Die Alltagsarbeit wird dadurch in vielerlei Hinsicht erleichtert, zusammengefasst spart er Kosten und Zeit, weil schneller pr\u00e4zise Informationen zur Verf\u00fcgung gestellt und Arbeiten effizienter durchgef\u00fchrt werden k\u00f6nnen.<\/p> <p  class=\"lead\">Vorteile<\/p><p  class=\"\">Waren fr\u00fcher die Informationen auf Pl\u00e4ne, Akten und Mitarbeiter<br >\nverteilt, f\u00fchrt ein digitaler Leitungskataster alle Daten zusammen und evaluiert sie. Er ist ein wichtiger Beitrag zu moderner und effizienter Verwaltungsarbeit und bietet vielf\u00e4ltige Vorteile:<\/p><p  class=\"\"><span  style=\"font-weight: 400;\">Fundierte Unterst\u00fctzung bei Betriebs- und Instandhaltungsarbeiten<\/span><br ><span  style=\"font-weight: 400;\">\n    Rasches Auffinden von St\u00f6rungen<\/span><br ><span  style=\"font-weight: 400;\">\n    Rechtssichere Ausk\u00fcnfte gegen\u00fcber Dritten<\/span><br ><span  style=\"font-weight: 400;\">\n    Grundlage f\u00fcr Erweiterungsplanungen<\/span><br ><span  style=\"font-weight: 400;\">\n    Kontinuierliche, zusammengefasste Dokumentation<\/span><br ><span  style=\"font-weight: 400;\">\n    Fr\u00fchzeitige Erkennung von strukturellen Problemen<\/span><\/p><p  class=\"\"><span  style=\"font-weight: 600;\">Sollten wir Ihr Interesse geweckt haben, oder Sie haben noch Fragen, bitte rufen Sie uns unter <span  style=\"font-weight: 700;\">0316\/225 333<\/span> an oder<\/span><\/p><a class=\"button color1\" href=\"mailto:office@soljoy.at\" target=\"_self\" data-cp-link=\"1\" data-icon=\"\" rel=\"noopener noreferrer\">Schreiben Sie uns<\/a><\/div> <div  class=\"col-sm-7 flexbox flexbox middle-xs center-xs space-bottom-xs\"><div  class=\"overlay-box flexbox middle-xs center-xs overlay-holder \"> <div  class=\"overlay-box-offset offset-background shadow-medium bg-color2 hide-xs\"><\/div> <a data-cp-link=\"1\" href=\"#\" target=\"_self\" rel=\"noopener noreferrer\"><img decoding=\"async\"  class=\"flexbox shadow-large img1\" src=\"https:\/\/soljoy.at\/wp-content\/uploads\/2020\/03\/cropped-P5292970.jpg\" data-size=\"600x400\" alt=\"Leitungskataster\" title=\"cropped-P5292970.jpg\"><\/a><\/div> <\/div><\/div> <\/div><\/div>","protected":false},"excerpt":{"rendered":"<p>LEITUNGSKATASTER Profitieren Sie von unserer&nbsp; Erfahrung und Kompetenz als Komplettanbieter f\u00f6rderf\u00e4higer Leitungskataster Wir alle sind auf Wasser, Strom, Gas, W\u00e4rme oder Telekommunikation angewiesen. Die Aufgabe der Betreiber ist es, die daf\u00fcr notwendige Infrastruktur f\u00fcr die Versorgung sicherzustellen. Ein digitaler Leitungskataster, der einen vollst\u00e4ndigen \u00dcberblick bietet, ist daf\u00fcr eine wichtige Voraussetzung. Die Alltagsarbeit wird dadurch in&hellip; <br \/> <a class=\"read-more\" href=\"https:\/\/www.soljoy.at\/?page_id=1013\">Read more<\/a><\/p>\n","protected":false},"author":1,"featured_media":1086,"parent":0,"menu_order":0,"comment_status":"closed","ping_status":"closed","template":"pro\/page-templates\/full-width-page.php","meta":{"footnotes":""},"class_list":["post-1013","page","type-page","status-publish","has-post-thumbnail","hentry"],"_links":{"self":[{"href":"https:\/\/www.soljoy.at\/index.php?rest_route=\/wp\/v2\/pages\/1013","targetHints":{"allow":["GET"]}}],"collection":[{"href":"https:\/\/www.soljoy.at\/index.php?rest_route=\/wp\/v2\/pages"}],"about":[{"href":"https:\/\/www.soljoy.at\/index.php?rest_route=\/wp\/v2\/types\/page"}],"author":[{"embeddable":true,"href":"https:\/\/www.soljoy.at\/index.php?rest_route=\/wp\/v2\/users\/1"}],"replies":[{"embeddable":true,"href":"https:\/\/www.soljoy.at\/index.php?rest_route=%2Fwp%2Fv2%2Fcomments&post=1013"}],"version-history":[{"count":13,"href":"https:\/\/www.soljoy.at\/index.php?rest_route=\/wp\/v2\/pages\/1013\/revisions"}],"predecessor-version":[{"id":1424,"href":"https:\/\/www.soljoy.at\/index.php?rest_route=\/wp\/v2\/pages\/1013\/revisions\/1424"}],"wp:featuredmedia":[{"embeddable":true,"href":"https:\/\/www.soljoy.at\/index.php?rest_route=\/wp\/v2\/media\/1086"}],"wp:attachment":[{"href":"https:\/\/www.soljoy.at\/index.php?rest_route=%2Fwp%2Fv2%2Fmedia&parent=1013"}],"curies":[{"name":"wp","href":"https:\/\/api.w.org\/{rel}","templated":true}]}}