{"id":1012,"date":"2020-03-09T11:19:37","date_gmt":"2020-03-09T10:19:37","guid":{"rendered":"https:\/\/bastel.soljoy.at\/?page_id=1012"},"modified":"2022-10-22T16:19:15","modified_gmt":"2022-10-22T14:19:15","slug":"vermessung","status":"publish","type":"page","link":"https:\/\/www.soljoy.at\/?page_id=1012","title":{"rendered":"Vermessung"},"content":{"rendered":"<div  data-label=\"Vermessung\" data-id=\"about--2\" data-export-id=\"about-9\" data-category=\"about\" class=\"about-9 content-section content-section-spacing content-relative\" id=\"vermessung\" style=\"background-color: rgb(255, 255, 255);\"><div  class=\"gridContainer\"> <div  class=\"row middle-sm text-center\"><div  class=\"col-sm-5 space-bottom-xs content-column content-right-sm\" data-type=\"column\"> <h5  class=\"\">VERMESSUNG<\/h5> <h2  class=\"\" style=\"border-bottom-color: rgb(0, 124, 48);\">Unsere Arbeit bringt Klarheit und rechtliche Sicherheit f\u00fcr die Zukunft.&nbsp;<\/h2> <p  class=\"\">Im Mittelpunkt der klassischen Vermessung stehen Gr\u00f6\u00dfen und Grenzen. Im Idealfall werden wir t\u00e4tig bevor neue Bauvorhaben umgesetzt, Bestehendes ver\u00e4ndert oder evaluiert werden soll. Unsere Auftraggeber sind Gemeinden, Bautr\u00e4ger aber auch private Eigent\u00fcmer.<\/p> <p  class=\"\">Bei\n<br ><span  style=\"font-weight: 700;\">Grundst\u00fccksverkauf\n<\/span><br ><span  style=\"font-weight: 700;\">Grenzverl\u00e4ufen\n<\/span><br ><span  style=\"font-weight: 700;\">Geb\u00e4udeabsteckung\n<\/span><\/p><h3  class=\"\">Sollten wir Ihr Interesse geweckt haben, oder Sie haben noch Fragen, bitte rufen Sie uns unter <span  style=\"font-weight: 700;\">0316\/225 333<\/span> an oder<\/h3><a class=\"button color1\" href=\"mailto:office@soljoy.at\" target=\"_self\" data-cp-link=\"1\" data-icon=\"\" rel=\"noopener noreferrer\">Schreiben Sie uns<\/a><\/div> <div  class=\"col-sm-7 flexbox flexbox middle-xs center-xs space-bottom-xs\"><div  class=\"overlay-box flexbox middle-xs center-xs overlay-holder \"> <div  class=\"overlay-box-offset offset-background shadow-medium bg-color2 hide-xs\"><\/div> <a data-cp-link=\"1\" href=\"#\" target=\"_self\" rel=\"noopener noreferrer\"><img decoding=\"async\"  class=\"flexbox shadow-large img1\" src=\"https:\/\/soljoy.at\/wp-content\/uploads\/2020\/03\/cropped-martin-2.jpg\" data-size=\"600x400\" alt=\"Vermessung\" title=\"cropped-martin-2.jpg\"><\/a><\/div> <\/div><\/div> <\/div><\/div>","protected":false},"excerpt":{"rendered":"<p>VERMESSUNG Unsere Arbeit bringt Klarheit und rechtliche Sicherheit f\u00fcr die Zukunft.&nbsp; Im Mittelpunkt der klassischen Vermessung stehen Gr\u00f6\u00dfen und Grenzen. Im Idealfall werden wir t\u00e4tig bevor neue Bauvorhaben umgesetzt, Bestehendes ver\u00e4ndert oder evaluiert werden soll. Unsere Auftraggeber sind Gemeinden, Bautr\u00e4ger aber auch private Eigent\u00fcmer. Bei Grundst\u00fccksverkauf Grenzverl\u00e4ufen Geb\u00e4udeabsteckung Sollten wir Ihr Interesse geweckt haben, oder&hellip; <br \/> <a class=\"read-more\" href=\"https:\/\/www.soljoy.at\/?page_id=1012\">Read more<\/a><\/p>\n","protected":false},"author":1,"featured_media":1157,"parent":0,"menu_order":0,"comment_status":"closed","ping_status":"closed","template":"pro\/page-templates\/full-width-page.php","meta":{"footnotes":""},"class_list":["post-1012","page","type-page","status-publish","has-post-thumbnail","hentry"],"_links":{"self":[{"href":"https:\/\/www.soljoy.at\/index.php?rest_route=\/wp\/v2\/pages\/1012","targetHints":{"allow":["GET"]}}],"collection":[{"href":"https:\/\/www.soljoy.at\/index.php?rest_route=\/wp\/v2\/pages"}],"about":[{"href":"https:\/\/www.soljoy.at\/index.php?rest_route=\/wp\/v2\/types\/page"}],"author":[{"embeddable":true,"href":"https:\/\/www.soljoy.at\/index.php?rest_route=\/wp\/v2\/users\/1"}],"replies":[{"embeddable":true,"href":"https:\/\/www.soljoy.at\/index.php?rest_route=%2Fwp%2Fv2%2Fcomments&post=1012"}],"version-history":[{"count":12,"href":"https:\/\/www.soljoy.at\/index.php?rest_route=\/wp\/v2\/pages\/1012\/revisions"}],"predecessor-version":[{"id":1423,"href":"https:\/\/www.soljoy.at\/index.php?rest_route=\/wp\/v2\/pages\/1012\/revisions\/1423"}],"wp:featuredmedia":[{"embeddable":true,"href":"https:\/\/www.soljoy.at\/index.php?rest_route=\/wp\/v2\/media\/1157"}],"wp:attachment":[{"href":"https:\/\/www.soljoy.at\/index.php?rest_route=%2Fwp%2Fv2%2Fmedia&parent=1012"}],"curies":[{"name":"wp","href":"https:\/\/api.w.org\/{rel}","templated":true}]}}